{"id":211,"date":"2025-07-17T22:30:18","date_gmt":"2025-07-17T22:30:18","guid":{"rendered":"https:\/\/blog.jurclass.de\/?page_id=211"},"modified":"2025-07-19T17:49:32","modified_gmt":"2025-07-19T17:49:32","slug":"philosophie-3","status":"publish","type":"page","link":"https:\/\/blog.jurclass.de\/?page_id=211","title":{"rendered":"Aktuelle News"},"content":{"rendered":"\t\t<div data-elementor-type=\"wp-page\" data-elementor-id=\"211\" class=\"elementor elementor-211\">\n\t\t\t\t<div class=\"elementor-element elementor-element-a8c5fd5 e-flex e-con-boxed e-con e-parent\" data-id=\"a8c5fd5\" data-element_type=\"container\">\n\t\t\t\t\t<div class=\"e-con-inner\">\n\t\t\t\t\t<\/div>\n\t\t\t\t<\/div>\n\t\t<div class=\"elementor-element elementor-element-ff5f1c5 e-flex e-con-boxed e-con e-parent\" data-id=\"ff5f1c5\" data-element_type=\"container\">\n\t\t\t\t\t<div class=\"e-con-inner\">\n\t\t\t\t<div class=\"elementor-element elementor-element-9987a7d elementor-widget elementor-widget-image\" data-id=\"9987a7d\" data-element_type=\"widget\" data-widget_type=\"image.default\">\n\t\t\t\t<div class=\"elementor-widget-container\">\n\t\t\t\t\t\t\t\t\t\t\t\t\t\t\t<img fetchpriority=\"high\" decoding=\"async\" width=\"800\" height=\"114\" src=\"https:\/\/blog.jurclass.de\/wp-content\/uploads\/2025\/07\/Philosophie-header-1024x146.jpg\" class=\"attachment-large size-large wp-image-213\" alt=\"\" srcset=\"https:\/\/blog.jurclass.de\/wp-content\/uploads\/2025\/07\/Philosophie-header-1024x146.jpg 1024w, https:\/\/blog.jurclass.de\/wp-content\/uploads\/2025\/07\/Philosophie-header-300x43.jpg 300w, https:\/\/blog.jurclass.de\/wp-content\/uploads\/2025\/07\/Philosophie-header-768x110.jpg 768w, https:\/\/blog.jurclass.de\/wp-content\/uploads\/2025\/07\/Philosophie-header-1536x219.jpg 1536w, https:\/\/blog.jurclass.de\/wp-content\/uploads\/2025\/07\/Philosophie-header-2048x293.jpg 2048w\" sizes=\"(max-width: 800px) 100vw, 800px\" \/>\t\t\t\t\t\t\t\t\t\t\t\t\t\t\t<\/div>\n\t\t\t\t<\/div>\n\t\t\t\t\t<\/div>\n\t\t\t\t<\/div>\n\t\t<div class=\"elementor-element elementor-element-a3dca94 e-flex e-con-boxed e-con e-parent\" data-id=\"a3dca94\" data-element_type=\"container\">\n\t\t\t\t\t<div class=\"e-con-inner\">\n\t\t\t\t<div class=\"elementor-element elementor-element-41b4550 elementor-widget elementor-widget-heading\" data-id=\"41b4550\" data-element_type=\"widget\" data-widget_type=\"heading.default\">\n\t\t\t\t<div class=\"elementor-widget-container\">\n\t\t\t\t\t<h2 class=\"elementor-heading-title elementor-size-default\">Die Bedeutung der griechischen Philosophie<\/h2>\t\t\t\t<\/div>\n\t\t\t\t<\/div>\n\t\t\t\t\t<\/div>\n\t\t\t\t<\/div>\n\t\t<div class=\"elementor-element elementor-element-5f2c41c e-flex e-con-boxed e-con e-parent\" data-id=\"5f2c41c\" data-element_type=\"container\">\n\t\t\t\t\t<div class=\"e-con-inner\">\n\t\t\t\t<div class=\"elementor-element elementor-element-6814837 elementor-widget elementor-widget-text-editor\" data-id=\"6814837\" data-element_type=\"widget\" data-widget_type=\"text-editor.default\">\n\t\t\t\t<div class=\"elementor-widget-container\">\n\t\t\t\t\t\t\t\t\t<p>Dazu kann vieles gesagt werden. Oftmals nimmt man das Auftreten der ionischen Naturphilosophen im 6. Jhdt. v. Chr. als den Anfang der abendl\u00e4ndischen Philosophie (traditionell mit der \u201eGeburtsstunde\u201c 28. Mai 585 v. Chr.,der angeblichen Vorhersage einer Sonnenfinsternis durch Thales von Milet). Andererseits fasste zu Beginn des 20. Jhdts. die Bedeutung Platons f\u00fcr die Philosophiegeschichte in folgendem ber\u00fchmten Diktum zusammen: \u201eDie sicherste allgemeine Charakterisierung der philosophischen Tradition Europas lautet, dass sie aus einer Reihe von Fu\u00dfnoten zu Platon besteht.\u201c Unser westliches Denken erfolgt bis heute in den Spuren, die Sokrates, Platon und Aristoteles vorgepr\u00e4gt haben. Diese Erkenntnis wollen wir f\u00fcr uns heute fruchtbar machen, um aus der Besinnung auf die Antike neue Ans\u00e4tze f\u00fcr den Umgang mit heutigen Herausforderungen zu gewinnen.<\/p>\t\t\t\t\t\t\t\t<\/div>\n\t\t\t\t<\/div>\n\t\t\t\t\t<\/div>\n\t\t\t\t<\/div>\n\t\t<div class=\"elementor-element elementor-element-73db95c e-flex e-con-boxed e-con e-parent\" data-id=\"73db95c\" data-element_type=\"container\">\n\t\t\t\t\t<div class=\"e-con-inner\">\n\t\t\t\t<div class=\"elementor-element elementor-element-b9a5f5c elementor-widget elementor-widget-heading\" data-id=\"b9a5f5c\" data-element_type=\"widget\" data-widget_type=\"heading.default\">\n\t\t\t\t<div class=\"elementor-widget-container\">\n\t\t\t\t\t<h2 class=\"elementor-heading-title elementor-size-default\">Hier die Themen, mit denen wir uns besch\u00e4ftigt haben:<\/h2>\t\t\t\t<\/div>\n\t\t\t\t<\/div>\n\t\t\t\t\t<\/div>\n\t\t\t\t<\/div>\n\t\t<div class=\"elementor-element elementor-element-c3a9e3c e-flex e-con-boxed e-con e-parent\" data-id=\"c3a9e3c\" data-element_type=\"container\">\n\t\t\t\t\t<div class=\"e-con-inner\">\n\t\t\t\t<div class=\"elementor-element elementor-element-f353b70 elementor-widget elementor-widget-text-editor\" data-id=\"f353b70\" data-element_type=\"widget\" data-widget_type=\"text-editor.default\">\n\t\t\t\t<div class=\"elementor-widget-container\">\n\t\t\t\t\t\t\t\t\t<p>Platon, Laches<\/p>\t\t\t\t\t\t\t\t<\/div>\n\t\t\t\t<\/div>\n\t\t\t\t\t<\/div>\n\t\t\t\t<\/div>\n\t\t<div class=\"elementor-element elementor-element-7a88095 e-flex e-con-boxed e-con e-parent\" data-id=\"7a88095\" data-element_type=\"container\">\n\t\t\t\t\t<div class=\"e-con-inner\">\n\t\t\t\t<div class=\"elementor-element elementor-element-204ab46 elementor-widget elementor-widget-text-editor\" data-id=\"204ab46\" data-element_type=\"widget\" data-widget_type=\"text-editor.default\">\n\t\t\t\t<div class=\"elementor-widget-container\">\n\t\t\t\t\t\t\t\t\t<p>Aristoteles, Die ethische Arete in der Nikomachischen Ethik<\/p>\t\t\t\t\t\t\t\t<\/div>\n\t\t\t\t<\/div>\n\t\t\t\t\t<\/div>\n\t\t\t\t<\/div>\n\t\t<div class=\"elementor-element elementor-element-59098e8 e-flex e-con-boxed e-con e-parent\" data-id=\"59098e8\" data-element_type=\"container\">\n\t\t\t\t\t<div class=\"e-con-inner\">\n\t\t\t\t<div class=\"elementor-element elementor-element-8bff9dd elementor-widget elementor-widget-text-editor\" data-id=\"8bff9dd\" data-element_type=\"widget\" data-widget_type=\"text-editor.default\">\n\t\t\t\t<div class=\"elementor-widget-container\">\n\t\t\t\t\t\t\t\t\t<p>Platon, Hippias maior<\/p>\t\t\t\t\t\t\t\t<\/div>\n\t\t\t\t<\/div>\n\t\t\t\t\t<\/div>\n\t\t\t\t<\/div>\n\t\t<div class=\"elementor-element elementor-element-0b3f53b e-flex e-con-boxed e-con e-parent\" data-id=\"0b3f53b\" data-element_type=\"container\">\n\t\t\t\t\t<div class=\"e-con-inner\">\n\t\t\t\t<div class=\"elementor-element elementor-element-a65d6be elementor-widget elementor-widget-text-editor\" data-id=\"a65d6be\" data-element_type=\"widget\" data-widget_type=\"text-editor.default\">\n\t\t\t\t<div class=\"elementor-widget-container\">\n\t\t\t\t\t\t\t\t\t<p>Platon, Phaidon<\/p>\t\t\t\t\t\t\t\t<\/div>\n\t\t\t\t<\/div>\n\t\t\t\t\t<\/div>\n\t\t\t\t<\/div>\n\t\t<div class=\"elementor-element elementor-element-6b5fc3c e-flex e-con-boxed e-con e-parent\" data-id=\"6b5fc3c\" data-element_type=\"container\">\n\t\t\t\t\t<div class=\"e-con-inner\">\n\t\t\t\t<div class=\"elementor-element elementor-element-d9caf53 elementor-widget elementor-widget-text-editor\" data-id=\"d9caf53\" data-element_type=\"widget\" data-widget_type=\"text-editor.default\">\n\t\t\t\t<div class=\"elementor-widget-container\">\n\t\t\t\t\t\t\t\t\t<p>Platon, Thrasymachos<\/p>\t\t\t\t\t\t\t\t<\/div>\n\t\t\t\t<\/div>\n\t\t\t\t\t<\/div>\n\t\t\t\t<\/div>\n\t\t\t\t<\/div>\n\t\t","protected":false},"excerpt":{"rendered":"<p>Die Bedeutung der griechischen Philosophie Dazu kann vieles gesagt werden. Oftmals nimmt man das Auftreten der ionischen Naturphilosophen im 6. Jhdt. v. Chr. als den Anfang der abendl\u00e4ndischen Philosophie (traditionell mit der \u201eGeburtsstunde\u201c 28. Mai 585 v. Chr.,der angeblichen Vorhersage einer Sonnenfinsternis durch Thales von Milet). Andererseits fasste zu Beginn des 20. Jhdts. die Bedeutung [&hellip;]<\/p>\n","protected":false},"author":1,"featured_media":0,"parent":0,"menu_order":0,"comment_status":"closed","ping_status":"closed","template":"","meta":{"footnotes":""},"class_list":["post-211","page","type-page","status-publish","hentry"],"_links":{"self":[{"href":"https:\/\/blog.jurclass.de\/index.php?rest_route=\/wp\/v2\/pages\/211","targetHints":{"allow":["GET"]}}],"collection":[{"href":"https:\/\/blog.jurclass.de\/index.php?rest_route=\/wp\/v2\/pages"}],"about":[{"href":"https:\/\/blog.jurclass.de\/index.php?rest_route=\/wp\/v2\/types\/page"}],"author":[{"embeddable":true,"href":"https:\/\/blog.jurclass.de\/index.php?rest_route=\/wp\/v2\/users\/1"}],"replies":[{"embeddable":true,"href":"https:\/\/blog.jurclass.de\/index.php?rest_route=%2Fwp%2Fv2%2Fcomments&post=211"}],"version-history":[{"count":14,"href":"https:\/\/blog.jurclass.de\/index.php?rest_route=\/wp\/v2\/pages\/211\/revisions"}],"predecessor-version":[{"id":230,"href":"https:\/\/blog.jurclass.de\/index.php?rest_route=\/wp\/v2\/pages\/211\/revisions\/230"}],"wp:attachment":[{"href":"https:\/\/blog.jurclass.de\/index.php?rest_route=%2Fwp%2Fv2%2Fmedia&parent=211"}],"curies":[{"name":"wp","href":"https:\/\/api.w.org\/{rel}","templated":true}]}}